{"id":489,"date":"2020-11-19T15:48:11","date_gmt":"2020-11-19T15:48:11","guid":{"rendered":"https:\/\/driveemotion.com\/condizioni-di-prenotazione\/"},"modified":"2020-12-29T18:22:14","modified_gmt":"2020-12-29T18:22:14","slug":"condizioni-di-prenotazione","status":"publish","type":"page","link":"https:\/\/driveemotion.com\/it\/condizioni-di-prenotazione\/","title":{"rendered":"Condizioni di prenotazione"},"content":{"rendered":"\n<p><p><strong>1.<\/strong> Il veicolo noleggiato, gli accessori e l&#8217;attrezzatura extra saranno restituiti dal locatario in perfette condizioni tecniche per la presentazione e l&#8217;uso, e dovranno essere restituiti dal locatario al termine del presente contratto nelle stesse perfette condizioni in cui \u00e8 stato ricevuto.<\/p><\/p>\n\n<p><p><strong>2.<\/strong> Indipendentemente dal momento in cui il veicolo viene noleggiato, il noleggio per intere giornate terminer\u00e0 all&#8217;orario indicato nella casella corrispondente sul fronte del presente contratto alla voce -Ritorno previsto-.<\/p><\/p>\n\n<p><p><strong>3.<\/strong> Il locatario deve dare un preavviso di almeno ventiquattr&#8217;ore quando richiede la risoluzione anticipata o l&#8217;estensione del presente contratto, e in caso contrario dar\u00e0 diritto alla societ\u00e0 di noleggio di incassare l&#8217;intero prezzo del contratto e il tempo di ritardo nella consegna pi\u00f9 un un ulteriore cinquanta per cento in pi\u00f9 rispetto al prezzo standard indicato nelle tariffe.<\/p>&#13;\n<p><br\/>In merito a quanto previsto dal paragrafo precedente, si tenga presente che l&#8217;assicurazione stipulata dal locatario e compresa nella tariffa scadr\u00e0 nel giorno indicato nel presente contratto, salvo che non venga prorogata di comune accordo e per iscritto.<\/p><\/p>\n\n<p><p><strong>4.<\/strong> Oltre al corretto utilizzo del veicolo, il locatario avr\u00e0 diritto, a spese della societ\u00e0 di noleggio, alla manutenzione del veicolo, e alla sua sostituzione in caso di guasto meccanico a lui non imputabile e che richieda pi\u00f9 di due ore per la riparazione. Avrai inoltre diritto alla sua consegna e ritiro, senza costi aggiuntivi, a distanze non superiori ai cinquanta chilometri dall&#8217;ufficio dove \u00e8 stata stipulata la convenzione.<\/p><\/p>\n\n<p><p><strong>5.<\/strong> Sono espressamente vietati:<br\/>&#8211; La guida del veicolo da parte di una persona diversa dal locatario o autorizzata dal locatore, su sua richiesta e sotto la sua esclusiva responsabilit\u00e0.<br\/>&#8211; Sublocazione o trasporto di passeggeri a pagamento.<br\/>&#8211; Trasporta pi\u00f9 passeggeri di quelli autorizzati.<br\/>&#8211; Sovraccarico del veicolo o trasporto di animali o carburante, materiali esplosivi, odori forti o pericolosi.<br\/>&#8211; L&#8217;uso del veicolo in gare, competizioni sportive o prove di velocit\u00e0, o per spingere o tirare altri veicoli o rimorchi.<br\/>&#8211; Il locatario non pu\u00f2 utilizzare il veicolo su qualsiasi strada di accesso che non sia adeguatamente asfaltata e sia considerata una strada pubblica dalle autorit\u00e0 comunali o dei lavori pubblici, essendo il locatario responsabile di eventuali danni che possono essere causati al veicolo in conseguenza dello stato di strade o corsie locali in cui il veicolo \u00e8 stato utilizzato.<br\/>&#8211; Guida incurante o pericolosa, o sotto l&#8217;influenza di qualsiasi sostanza o malattia che possa essere dannosa per lo stato fisico o psicologico del conducente o che influisca sui suoi riflessi. &#8211; Uso del veicolo al di fuori dell&#8217;isola o della penisola in cui \u00e8 stato noleggiato, senza l&#8217;espresso consenso scritto del locatore.<br\/>&#8211; Lasciare qualsiasi oggetto in vista all&#8217;interno del veicolo mentre \u00e8 parcheggiato in un luogo pubblico, che potrebbe comportare l&#8217;entrata forzata, la rottura o il furto.<\/p><\/p>\n\n<p><p><strong>6.<\/strong> La tariffa comprende assicurazione obbligatoria, responsabilit\u00e0 civile illimitata per danni a terzi e incendio e furto del veicolo per cause non imputabili al noleggiatore.<\/p><\/p>\n\n<p><p><strong>7.<\/strong> Qualsiasi perdita o danno che possa essere causato o causato al veicolo noleggiato che non sia coperto dall&#8217;assicurazione inclusa nel prezzo e che non possa essere attribuito a una persona chiaramente identificata, sar\u00e0 a carico esclusivo del locatario.<\/p><\/p>\n\n<p><strong>8.<\/strong> A copertura in tutto o in parte della responsabilit\u00e0 del suddetto locatario e dei danni personali agli occupanti del veicolo, il locatario potr\u00e0 contrarre, alle condizioni precedentemente offerte, diversi tipi di assicurazione, la cui accettazione sar\u00e0 indicata nell&#8217;apposito riquadro sul fronte della presente contrarre.<\/p>\n\n<p>Questa assicurazione facoltativa coprir\u00e0 eventuali danni o lesioni la cui copertura garantisce, a condizione che l&#8217;inquilino ne informi la polizia in modo che possa essere emessa la denuncia necessaria, indipendentemente dall&#8217;intervento di terzi o meno, a meno che l&#8217;inquilino non abbia fallito. per adempiere agli obblighi di cui alla clausola 5 del presente contratto.<\/p>\n\n<p><p><strong>9.<\/strong> Le passivit\u00e0 economiche per conto del locatario risultanti dal presente contratto, qualunque ne sia la causa, matureranno un interesse del venti per cento annuo, dalla data in cui il locatore ha diritto di richiederlo, non dal giorno in cui effettivamente pu\u00f2 essere richiesto.<\/p><\/p>\n\n<p><p><strong>10.<\/strong> In caso di controversia derivante dall&#8217;interpretazione del presente contratto o dalla violazione di una qualsiasi delle sue clausole, le parti etero rinunciano alla giurisdizione che potrebbe corrispondere loro e si sottopongono espressamente alle Corti e ai Tribunali del luogo. dove \u00e8 stato firmato l&#8217;accordo.<\/p><\/p>\n","protected":false},"excerpt":{"rendered":"<p>1. Il veicolo noleggiato, gli accessori e l&#8217;attrezzatura extra saranno restituiti dal locatario in perfette condizioni tecniche per la presentazione e l&#8217;uso, e dovranno essere restituiti<span class=\"excerpt-hellip\"> [\u2026]<\/span><\/p>\n","protected":false},"author":1,"featured_media":0,"parent":0,"menu_order":0,"comment_status":"closed","ping_status":"closed","template":"","meta":{"footnotes":""},"_links":{"self":[{"href":"https:\/\/driveemotion.com\/it\/wp-json\/wp\/v2\/pages\/489"}],"collection":[{"href":"https:\/\/driveemotion.com\/it\/wp-json\/wp\/v2\/pages"}],"about":[{"href":"https:\/\/driveemotion.com\/it\/wp-json\/wp\/v2\/types\/page"}],"author":[{"embeddable":true,"href":"https:\/\/driveemotion.com\/it\/wp-json\/wp\/v2\/users\/1"}],"replies":[{"embeddable":true,"href":"https:\/\/driveemotion.com\/it\/wp-json\/wp\/v2\/comments?post=489"}],"version-history":[{"count":2,"href":"https:\/\/driveemotion.com\/it\/wp-json\/wp\/v2\/pages\/489\/revisions"}],"predecessor-version":[{"id":751,"href":"https:\/\/driveemotion.com\/it\/wp-json\/wp\/v2\/pages\/489\/revisions\/751"}],"wp:attachment":[{"href":"https:\/\/driveemotion.com\/it\/wp-json\/wp\/v2\/media?parent=489"}],"curies":[{"name":"wp","href":"https:\/\/api.w.org\/{rel}","templated":true}]}}