{"id":544,"date":"2020-11-19T17:01:32","date_gmt":"2020-11-19T17:01:32","guid":{"rendered":"https:\/\/driveemotion.com\/politique-de-cookies\/"},"modified":"2020-11-19T17:01:32","modified_gmt":"2020-11-19T17:01:32","slug":"politique-de-cookies","status":"publish","type":"page","link":"https:\/\/driveemotion.com\/fr\/politique-de-cookies\/","title":{"rendered":"Politique de cookies"},"content":{"rendered":"\n<p>El art\u00edculo 22.2\u00ba de la LSSI establece que se podr\u00e1n utilizar dispositivos de almacenamiento y recuperaci\u00f3n de datos en equipos terminales de los destinatarios, a condici\u00f3n de que los mismos hayan dado su consentimiento despu\u00e9s de que se les haya facilitado informaci\u00f3n clara y completa sobre su utilizaci\u00f3n, en particular, sobre los fines del tratamiento de los datos, con arreglo a lo dispuesto en el Reglamento (UE) 2016\/679. A este respecto, puede que se depositen cookies en su equipo. Se trata de peque\u00f1os ficheros cuya finalidad es recordar las p\u00e1ginas visitadas para facilitar la navegaci\u00f3n futura.<\/p>\n\n<p>Vous pouvez supprimer les cookies en s\u00e9lectionnant l&rsquo;option dont votre navigateur dispose \u00e0 cet effet. \u00c0 tout moment, vous pouvez supprimer tous les cookies en utilisant l&rsquo;option pr\u00e9vue pour votre navigateur.<\/p>\n\n<h4 class=\"wp-block-heading\">Types de cookies utilis\u00e9s et finalit\u00e9s:<\/h4>\n\n<p>Le syst\u00e8me d&rsquo;exploitation utilis\u00e9 par le site Web collecte les donn\u00e9es des utilisateurs \/ visiteurs via ses propres cookies, dans le but de g\u00e9rer le contenu du site, vous consentez express\u00e9ment \u00e0 avoir accept\u00e9 la politique de cookies.<\/p>\n\n<p>Le site Web utilise des services tiers correspondant \u00e0 gstatic.com et google, qui utilisent des cookies qui sont stock\u00e9s au moment o\u00f9 le visiteur entre sur le site Web, pour afficher des emplacements g\u00e9ographiques, faire des statistiques sur les visites du site Web et \u00e9tablir des liens avec les parties int\u00e9ress\u00e9es. dans les services qu\u2019il fournit. Ces cookies sont enti\u00e8rement g\u00e9r\u00e9s par gstatic.com et google. L&rsquo;utilisateur du Web consent express\u00e9ment \u00e0 l&rsquo;utilisation bas\u00e9e sur le but inform\u00e9.<\/p>\n\n<p>Si vous n&rsquo;acceptez pas, vous devez quitter le site Web \u00e0 ce moment ou bloquer les cookies dans votre navigateur comme expliqu\u00e9 ci-dessous. Dans le cas o\u00f9 vous continuez \u00e0 naviguer, nous consid\u00e9rons que vous acceptez leur utilisation.<\/p>\n\n<h4 class=\"wp-block-heading\">Guide des cookies:<\/h4>\n\n<p>Les cookies \u00e0 l&rsquo;exception de l&rsquo;information et du consentement: seraient ceux dont la finalit\u00e9 est:<\/p>\n\n<ul><li>Cookies de \u00ab\u00a0saisie utilisateur\u00a0\u00bb.<\/li><li>Cookies d&rsquo;authentification ou d&rsquo;identification de l&rsquo;utilisateur (session uniquement).<\/li><li>Cookies de s\u00e9curit\u00e9 des utilisateurs.<\/li><li>Cookies de session du lecteur multim\u00e9dia.<\/li><li>Cookies de session pour \u00e9quilibrer la charge.<\/li><li>Cookies pour personnaliser l&rsquo;interface utilisateur.<\/li><li>Compl\u00e9tez les cookies (plug-in) pour \u00e9changer du contenu social.<\/li><\/ul>\n\n<p>Classification des cookies soumis \u00e0 information et consentement, selon un rapport de l&rsquo;Agence espagnole de protection des donn\u00e9es:<\/p>\n\n<p><p><strong>1. Types de cookies selon l&rsquo;entit\u00e9 qui les g\u00e8re:<\/strong><\/p><\/p>\n\n<ul><li><p><strong>Cookies propres:<\/strong> ce sont ceux qui sont envoy\u00e9s \u00e0 l&rsquo;\u00e9quipement terminal de l&rsquo;utilisateur \u00e0 partir d&rsquo;un ordinateur ou d&rsquo;un domaine g\u00e9r\u00e9 par l&rsquo;\u00e9diteur lui-m\u00eame et \u00e0 partir duquel le service demand\u00e9 par l&rsquo;utilisateur est fourni.<\/p><\/li><li><p><strong>Cookies tiers:<\/strong> ce sont ceux qui sont envoy\u00e9s \u00e0 l&rsquo;\u00e9quipement terminal de l&rsquo;utilisateur \u00e0 partir d&rsquo;un ordinateur ou d&rsquo;un domaine qui n&rsquo;est pas g\u00e9r\u00e9 par l&rsquo;\u00e9diteur, mais par une autre entit\u00e9 qui traite les donn\u00e9es obtenues par le biais de cookies, dans le cas o\u00f9 des cookies sont install\u00e9s \u00e0 partir d&rsquo;un ordinateur ou d&rsquo;un domaine g\u00e9r\u00e9 par l&rsquo;\u00e9diteur lui-m\u00eame, mais les informations collect\u00e9es par leur interm\u00e9diaire sont g\u00e9r\u00e9es par un tiers, ils ne peuvent pas \u00eatre consid\u00e9r\u00e9s comme des cookies propres.<\/p><\/li><\/ul>\n\n<p><p><strong>2. Types de cookies en fonction de la dur\u00e9e pendant laquelle ils restent actifs dans le terminal de l&rsquo;utilisateur:<\/strong><\/p><\/p>\n\n<ul><li><p><strong>Cookies de session:<\/strong> il s&rsquo;agit d&rsquo;un type de cookies con\u00e7us pour collecter et stocker des donn\u00e9es pendant que l&rsquo;utilisateur acc\u00e8de \u00e0 une page Web.<\/p><\/li><li><p><strong>Cookies persistants:<\/strong> Il s&rsquo;agit d&rsquo;un type de cookies dans lequel les donn\u00e9es sont toujours stock\u00e9es dans le terminal et peuvent \u00eatre consult\u00e9es et trait\u00e9es pendant une p\u00e9riode d\u00e9finie par le responsable du cookie, qui peut aller de quelques minutes \u00e0 plusieurs ann\u00e9es.<\/p><\/li><\/ul>\n\n<p><p><strong>3. Types de cookies en fonction de leur finalit\u00e9:<\/strong><\/p><\/p>\n\n<ul><li><p><strong>Cookies techniques:<\/strong> ce sont ceux qui permettent \u00e0 l&rsquo;utilisateur de naviguer \u00e0 travers une page Web, une plateforme ou une application et d&rsquo;utiliser les diff\u00e9rentes options ou services qui y existent, tels que, par exemple, contr\u00f4ler le trafic et la communication de donn\u00e9es, identifier le session, acc\u00e9der \u00e0 des parties d&rsquo;acc\u00e8s restreint, se souvenir des \u00e9l\u00e9ments qui composent une commande, effectuer le processus d&rsquo;achat d&rsquo;une commande, faire une demande d&rsquo;inscription ou de participation \u00e0 un \u00e9v\u00e9nement, utiliser des \u00e9l\u00e9ments de s\u00e9curit\u00e9 lors de la navigation, stocker du contenu pour diffusion de vid\u00e9os ou de sons ou de partager du contenu via les r\u00e9seaux sociaux.<\/p><\/li><li><p><strong>Cookies de personnalisation:<\/strong> ce sont ceux qui permettent \u00e0 l&rsquo;utilisateur d&rsquo;acc\u00e9der au service avec certaines caract\u00e9ristiques g\u00e9n\u00e9rales pr\u00e9d\u00e9finies en fonction d&rsquo;une s\u00e9rie de crit\u00e8res dans le terminal de l&rsquo;utilisateur, tels que la langue, le type de navigateur par lequel le service est acc\u00e9d\u00e9. , la configuration r\u00e9gionale \u00e0 partir de laquelle vous acc\u00e9dez au service, etc.<\/p><\/li><li><p><strong>Cookies d&rsquo;analyse:<\/strong> ce sont ceux qui permettent \u00e0 leur responsable de surveiller et d&rsquo;analyser le comportement des utilisateurs des sites Web auxquels ils sont li\u00e9s. Les informations collect\u00e9es via ce type de cookies sont utilis\u00e9es pour mesurer l&rsquo;activit\u00e9 des sites Web, de l&rsquo;application ou de la plate-forme et pour cr\u00e9er des profils de navigation des utilisateurs desdits sites, applications et plates-formes, afin d&rsquo;introduire des am\u00e9liorations dans sur la base de l&rsquo;analyse des donn\u00e9es d&rsquo;utilisation effectu\u00e9es par les utilisateurs du service.<\/p><\/li><li><p><strong>Cookies publicitaires:<\/strong> ce sont ceux qui permettent la gestion, de la mani\u00e8re la plus efficace possible, des espaces publicitaires que, le cas \u00e9ch\u00e9ant, l&rsquo;\u00e9diteur a inclus dans une page Web, une application ou une plateforme \u00e0 partir de laquelle le service demand\u00e9 est fourni en fonction de crit\u00e8res. comme le contenu modifi\u00e9 ou la fr\u00e9quence \u00e0 laquelle les annonces sont diffus\u00e9es.<\/p><\/li><li><p><strong>Cookies de publicit\u00e9 comportementale:<\/strong> ce sont ceux qui permettent la gestion, de la mani\u00e8re la plus efficace possible, des espaces publicitaires que, le cas \u00e9ch\u00e9ant, l&rsquo;\u00e9diteur a inclus dans une page Web, une application ou une plateforme \u00e0 partir de laquelle le service demand\u00e9 est fourni. Ces cookies stockent des informations sur le comportement des utilisateurs obtenues gr\u00e2ce \u00e0 l&rsquo;observation continue de leurs habitudes de navigation, ce qui permet le d\u00e9veloppement d&rsquo;un profil sp\u00e9cifique pour afficher des publicit\u00e9s bas\u00e9es sur celui-ci.<\/p><\/li><\/ul>\n\n<p>Vous pouvez autoriser, bloquer ou supprimer les cookies install\u00e9s sur votre ordinateur en configurant les options du navigateur install\u00e9 sur votre ordinateur ou appareil mobile, pour plus d&rsquo;informations cliquez sur le lien qui correspond \u00e0 votre navigateur:<\/p>\n\n<ul><li>Firefox:\u00a0<a href=\"http:\/\/support.mozilla.org\/es\/kb\/habilitar-y-deshabilitar-cookies-que-los-sitios-web\">http:\/\/support.mozilla.org\/es\/kb\/habilitar-y-deshabilitar-cookies-que-los-sitios-web<\/a><\/li><li>Chrome:\u00a0<a href=\"http:\/\/support.google.com\/chrome\/bin\/answer.py?hl=es&amp;answer=95647\">http:\/\/support.google.com\/chrome\/bin\/answer.py?hl=es&amp;answer=95647<\/a><\/li><li>Explorer:\u00a0<a href=\"http:\/\/windows.microsoft.com\/es-es\/windows7\/how-to-manage-cookies-in-internet-explorer-9\">http:\/\/windows.microsoft.com\/es-es\/windows7\/how-to-manage-cookies-in-internet-explorer-9<\/a><\/li><li>Safari:\u00a0<a href=\"http:\/\/support.apple.com\/kb\/ph5042\">http:\/\/support.apple.com\/kb\/ph5042<\/a><\/li><li>Safari &#8211; IOS:\u00a0<a href=\"http:\/\/support.apple.com\/kb\/HT1677?viewlocale=es_ES&amp;locale=es_ES\">http:\/\/support.apple.com\/kb\/HT1677?viewlocale=es_ES&amp;locale=es_ES<\/a><\/li><\/ul>\n\n<h4 class=\"wp-block-heading\">Informations sur les utilisateurs<\/h4>\n\n<p>Nous enregistrons vos donn\u00e9es IP (Internet Protocol) attribu\u00e9es \u00e0 l&rsquo;abonn\u00e9 propri\u00e9taire de la ligne t\u00e9l\u00e9phonique au moment de la connexion avec ce site Web, \u00e0 des fins de s\u00e9curit\u00e9 et de collaboration avec la justice. Les donn\u00e9es seront conserv\u00e9es par le prestataire pendant la dur\u00e9e fix\u00e9e par la l\u00e9gislation en vigueur.<\/p>\n\n<p><p><strong>Droits d&rsquo;acc\u00e8s, de rectification, d&rsquo;opposition, de suppression, de limitation, sauf s&rsquo;ils font l&rsquo;objet de d\u00e9cisions automatis\u00e9es et de portabilit\u00e9.<\/strong><\/p><\/p>\n\n<p>Ces droits peuvent \u00eatre rendus effectifs apr\u00e8s l&rsquo;accr\u00e9ditation de la personnalit\u00e9 dans les formes et dans les conditions \u00e9tablies dans le r\u00e8glement g\u00e9n\u00e9ral sur la protection des donn\u00e9es, en \u00e9crivant \u00e0 l&rsquo;adresse postale figurant dans les mentions l\u00e9gales de ce site.<\/p>\n\n<p>Le traitement des donn\u00e9es personnelles et l&rsquo;envoi de communications par voie \u00e9lectronique, le cas \u00e9ch\u00e9ant, sont conformes \u00e0 la r\u00e9glementation \u00e9tablie dans le r\u00e8glement g\u00e9n\u00e9ral sur la protection des donn\u00e9es, loi organique 15\/1999 du 13 d\u00e9cembre sur la protection des donn\u00e9es de caract\u00e8re personnel et dans la loi 34\/2002, du 11 juillet, Services de la soci\u00e9t\u00e9 de l&rsquo;information et du commerce \u00e9lectronique.<\/p>\n","protected":false},"excerpt":{"rendered":"<p>El art\u00edculo 22.2\u00ba de la LSSI establece que se podr\u00e1n utilizar dispositivos de almacenamiento y recuperaci\u00f3n de datos en equipos terminales de los destinatarios, a condici\u00f3n<span class=\"excerpt-hellip\"> [\u2026]<\/span><\/p>\n","protected":false},"author":1,"featured_media":0,"parent":0,"menu_order":0,"comment_status":"closed","ping_status":"closed","template":"","meta":{"footnotes":""},"_links":{"self":[{"href":"https:\/\/driveemotion.com\/fr\/wp-json\/wp\/v2\/pages\/544"}],"collection":[{"href":"https:\/\/driveemotion.com\/fr\/wp-json\/wp\/v2\/pages"}],"about":[{"href":"https:\/\/driveemotion.com\/fr\/wp-json\/wp\/v2\/types\/page"}],"author":[{"embeddable":true,"href":"https:\/\/driveemotion.com\/fr\/wp-json\/wp\/v2\/users\/1"}],"replies":[{"embeddable":true,"href":"https:\/\/driveemotion.com\/fr\/wp-json\/wp\/v2\/comments?post=544"}],"version-history":[{"count":1,"href":"https:\/\/driveemotion.com\/fr\/wp-json\/wp\/v2\/pages\/544\/revisions"}],"predecessor-version":[{"id":545,"href":"https:\/\/driveemotion.com\/fr\/wp-json\/wp\/v2\/pages\/544\/revisions\/545"}],"wp:attachment":[{"href":"https:\/\/driveemotion.com\/fr\/wp-json\/wp\/v2\/media?parent=544"}],"curies":[{"name":"wp","href":"https:\/\/api.w.org\/{rel}","templated":true}]}}