{"id":536,"date":"2020-11-19T16:47:59","date_gmt":"2020-11-19T16:47:59","guid":{"rendered":"https:\/\/driveemotion.com\/note-legale\/"},"modified":"2020-12-29T18:26:17","modified_gmt":"2020-12-29T18:26:17","slug":"note-legale","status":"publish","type":"page","link":"https:\/\/driveemotion.com\/fr\/note-legale\/","title":{"rendered":"Note l\u00e9gale"},"content":{"rendered":"\n<p>Conform\u00e9ment au devoir d&rsquo;information contenu \u00e0 l&rsquo;article 10 de la loi 34\/2002 du 11 juillet sur les services de la soci\u00e9t\u00e9 de l&rsquo;information et du commerce \u00e9lectronique (\u00ab\u00a0LSSI-CE\u00a0\u00bb), les donn\u00e9es de propri\u00e9t\u00e9 de ce site Web:<\/p>\n\n<p>DRIVE EMOTION is a trade name owned by DRIVE EMOTION FUERTEVENTURA S.L., with address at AVDA. OUR LADY OF CARMEN. 35660, LA OLIVA, LAS PALMAS and Tax Identification Code number: B-76034453.<\/p>\n\n<p>Customer service hours are Monday to Friday from 8:00 a.m. to 7:00 p.m. You can contact DRIVE EMOTION by sending an email message, to the address driveemotion@driveemotion.com, or by phone, at the contact number (+34) 928 53 53 33.<\/p>\n","protected":false},"excerpt":{"rendered":"<p>Conform\u00e9ment au devoir d&rsquo;information contenu \u00e0 l&rsquo;article 10 de la loi 34\/2002 du 11 juillet sur les services de la soci\u00e9t\u00e9 de l&rsquo;information et du commerce<span class=\"excerpt-hellip\"> [\u2026]<\/span><\/p>\n","protected":false},"author":1,"featured_media":0,"parent":0,"menu_order":0,"comment_status":"closed","ping_status":"closed","template":"","meta":{"footnotes":""},"_links":{"self":[{"href":"https:\/\/driveemotion.com\/fr\/wp-json\/wp\/v2\/pages\/536"}],"collection":[{"href":"https:\/\/driveemotion.com\/fr\/wp-json\/wp\/v2\/pages"}],"about":[{"href":"https:\/\/driveemotion.com\/fr\/wp-json\/wp\/v2\/types\/page"}],"author":[{"embeddable":true,"href":"https:\/\/driveemotion.com\/fr\/wp-json\/wp\/v2\/users\/1"}],"replies":[{"embeddable":true,"href":"https:\/\/driveemotion.com\/fr\/wp-json\/wp\/v2\/comments?post=536"}],"version-history":[{"count":2,"href":"https:\/\/driveemotion.com\/fr\/wp-json\/wp\/v2\/pages\/536\/revisions"}],"predecessor-version":[{"id":757,"href":"https:\/\/driveemotion.com\/fr\/wp-json\/wp\/v2\/pages\/536\/revisions\/757"}],"wp:attachment":[{"href":"https:\/\/driveemotion.com\/fr\/wp-json\/wp\/v2\/media?parent=536"}],"curies":[{"name":"wp","href":"https:\/\/api.w.org\/{rel}","templated":true}]}}