{"id":491,"date":"2020-11-19T15:56:09","date_gmt":"2020-11-19T15:56:09","guid":{"rendered":"https:\/\/driveemotion.com\/condition-dutilisation\/"},"modified":"2020-12-29T18:23:46","modified_gmt":"2020-12-29T18:23:46","slug":"condition-dutilisation","status":"publish","type":"page","link":"https:\/\/driveemotion.com\/fr\/condition-dutilisation\/","title":{"rendered":"Condition d&rsquo;utilisation"},"content":{"rendered":"\n<p>Les pr\u00e9sentes conditions g\u00e9n\u00e9rales d&rsquo;utilisation du site Web r\u00e9gissent les conditions d&rsquo;acc\u00e8s et d&rsquo;utilisation du site Web driveemotion.com, ci-apr\u00e8s \u00abLE SITE WEB\u00bb, propri\u00e9t\u00e9 de DRIVE EMOTION FUERTEVENTURA S.L., dont l&rsquo;adresse est AVDA. NOTRE DAME DE CARMEN. 35660, LA OLIVA, LAS PALMAS et avec le code d&rsquo;identification fiscale B-76034453, ci-apr\u00e8s, \u00abLA SOCI\u00c9T\u00c9\u00bb, que l&rsquo;utilisateur du SITE WEB doit lire et accepter d&rsquo;utiliser tous les services et informations fournis par LE SITE WEB. Le simple acc\u00e8s et \/ ou l&rsquo;utilisation du SITE WEB, de tout ou partie de ses contenus et \/ ou services implique l&rsquo;acceptation pleine et enti\u00e8re des pr\u00e9sentes conditions g\u00e9n\u00e9rales d&rsquo;utilisation.<\/p>\n\n<p>Les pr\u00e9sentes conditions g\u00e9n\u00e9rales d&rsquo;utilisation du SITE WEB r\u00e9glementent l&rsquo;acc\u00e8s et l&rsquo;utilisation du SITE WEB, y compris les contenus et services mis \u00e0 disposition des utilisateurs sur et \/ ou via LE SITE WEB, soit via LE SITE WEB, soit par ses utilisateurs ou par des tiers. Cependant, l&rsquo;acc\u00e8s et l&rsquo;utilisation de certains contenus et \/ ou services peuvent \u00eatre soumis \u00e0 certaines conditions sp\u00e9cifiques.<\/p>\n\n<h4 class=\"wp-block-heading\">Modifications<\/h4>\n\n<p>LA SOCI\u00c9T\u00c9 se r\u00e9serve le droit de modifier \u00e0 tout moment les conditions g\u00e9n\u00e9rales d&rsquo;utilisation du SITE WEB. Dans tous les cas, il est recommand\u00e9 de consulter p\u00e9riodiquement ces conditions d&rsquo;utilisation du SITE WEB, car elles peuvent \u00eatre modifi\u00e9es.<\/p>\n\n<h4 class=\"wp-block-heading\">Obligations de l&rsquo;utilisateur<\/h4>\n\n<p>L&rsquo;utilisateur doit respecter \u00e0 tout moment les conditions g\u00e9n\u00e9rales \u00e9tablies dans les pr\u00e9sentes conditions g\u00e9n\u00e9rales d&rsquo;utilisation du SITE WEB. L&rsquo;utilisateur d\u00e9clare express\u00e9ment qu&rsquo;il utilisera LE SITE WEB avec diligence et assumera toute responsabilit\u00e9 pouvant r\u00e9sulter d&rsquo;une violation des r\u00e8gles.<\/p>\n\n<p>De m\u00eame, l&rsquo;utilisateur ne peut utiliser LE SITE WEB pour transmettre, stocker, diffuser, promouvoir ou distribuer des donn\u00e9es ou des contenus porteurs de virus ou tout autre code informatique, fichiers ou programmes destin\u00e9s \u00e0 interrompre, d\u00e9truire ou alt\u00e9rer le fonctionnement de tout programme, \u00e9quipement informatique ou de t\u00e9l\u00e9communications.<\/p>\n\n<h4 class=\"wp-block-heading\">Responsabilit\u00e9 de la soci\u00e9t\u00e9<\/h4>\n\n<p>Sauf dans les cas o\u00f9 la loi impose express\u00e9ment le contraire, et exclusivement dans la mesure et la mesure dans laquelle elle est impos\u00e9e, LA SOCI\u00c9T\u00c9 ne garantit ni n&rsquo;assume aucune responsabilit\u00e9 pour les dommages \u00e9ventuels caus\u00e9s par l&rsquo;utilisation et l&rsquo;utilisation des informations, donn\u00e9es et services du SITE WEB.<\/p>\n\n<p>Dans tous les cas, LA SOCI\u00c9T\u00c9 exclut toute responsabilit\u00e9 pour les dommages qui pourraient \u00eatre dus aux informations et \/ ou services fournis ou fournis par des tiers autres que LA SOCI\u00c9T\u00c9. Toute responsabilit\u00e9 incombera au tiers, qu&rsquo;il soit fournisseur ou collaborateur.<\/p>\n\n<p>LA SOCI\u00c9T\u00c9 est exon\u00e9r\u00e9e de toute responsabilit\u00e9 concernant les informations qui se trouvent en dehors du SITE, puisque la fonction des liens qui apparaissent est uniquement d&rsquo;informer l&rsquo;Utilisateur de l&rsquo;existence d&rsquo;autres sources d&rsquo;informations sur un sujet pr\u00e9cis ou La publicit\u00e9.<\/p>\n\n<p>L&rsquo;utilisateur sait et accepte que LE SITE WEB n&rsquo;accorde aucune garantie de quelque nature que ce soit, expresse ou implicite, sur les donn\u00e9es, contenus, informations et services qui sont incorpor\u00e9s et propos\u00e9s \u00e0 partir du SITE.<\/p>\n\n<h4 class=\"wp-block-heading\">Propri\u00e9t\u00e9 intellectuelle et industrielle<\/h4>\n\n<p>Tous les contenus, marques, logos, dessins, documentation, programmes informatiques ou tout autre \u00e9l\u00e9ment susceptible de protection par la l\u00e9gislation sur la propri\u00e9t\u00e9 intellectuelle ou industrielle, qui sont accessibles sur LE SITE WEB correspondent exclusivement \u00e0 la soci\u00e9t\u00e9 ou \u00e0 ses propri\u00e9taires l\u00e9gitimes et sont express\u00e9ment r\u00e9serv\u00e9s tous les droits sur eux. La cr\u00e9ation de liens hypertextes (liens) vers tout composant des pages Web du SITE WEB sans l&rsquo;autorisation de la soci\u00e9t\u00e9 est express\u00e9ment interdite, tant qu&rsquo;ils ne sont pas vers une page Web du SITE WEB qui ne n\u00e9cessite pas d&rsquo;identification ou d&rsquo;authentification pour votre acc\u00e8s, ou il est restreint.<\/p>\n\n<p>Dans tous les cas, LE SITE WEB se r\u00e9serve tous les droits sur le contenu, les informations, les donn\u00e9es et les services qu&rsquo;il d\u00e9tient sur eux. LE SITE WEB n&rsquo;accorde aucune licence ou autorisation d&rsquo;utilisation \u00e0 l&rsquo;utilisateur de ses contenus, donn\u00e9es ou services, autre que celle express\u00e9ment d\u00e9taill\u00e9e dans les pr\u00e9sentes conditions g\u00e9n\u00e9rales d&rsquo;utilisation du SITE.<\/p>\n\n<h4 class=\"wp-block-heading\">L\u00e9gislation applicable, juridiction comp\u00e9tente et notifications<\/h4>\n\n<p>Ces conditions sont r\u00e9gies et interpr\u00e9t\u00e9es conform\u00e9ment aux lois espagnoles. Pour toute r\u00e9clamation, les cours et tribunaux de Las Palmas, Espagne et avec le num\u00e9ro d&rsquo;identification fiscale B76346287 seront comp\u00e9tents. Toutes les notifications, exigences, demandes et autres communications que l&rsquo;Utilisateur souhaite adresser \u00e0 LA SOCI\u00c9T\u00c9 propri\u00e9taire du SITE WEB doivent \u00eatre faites par \u00e9crit et il sera entendu qu&rsquo;elles ont \u00e9t\u00e9 correctement effectu\u00e9es lorsqu&rsquo;elles ont \u00e9t\u00e9 re\u00e7ues \u00e0 l&rsquo;adresse e-mail suivante: driveemotion@driveemotion.com.<\/p>\n","protected":false},"excerpt":{"rendered":"<p>Les pr\u00e9sentes conditions g\u00e9n\u00e9rales d&rsquo;utilisation du site Web r\u00e9gissent les conditions d&rsquo;acc\u00e8s et d&rsquo;utilisation du site Web driveemotion.com, ci-apr\u00e8s \u00abLE SITE WEB\u00bb, propri\u00e9t\u00e9 de DRIVE EMOTION<span class=\"excerpt-hellip\"> [\u2026]<\/span><\/p>\n","protected":false},"author":1,"featured_media":0,"parent":0,"menu_order":0,"comment_status":"closed","ping_status":"closed","template":"","meta":{"footnotes":""},"_links":{"self":[{"href":"https:\/\/driveemotion.com\/fr\/wp-json\/wp\/v2\/pages\/491"}],"collection":[{"href":"https:\/\/driveemotion.com\/fr\/wp-json\/wp\/v2\/pages"}],"about":[{"href":"https:\/\/driveemotion.com\/fr\/wp-json\/wp\/v2\/types\/page"}],"author":[{"embeddable":true,"href":"https:\/\/driveemotion.com\/fr\/wp-json\/wp\/v2\/users\/1"}],"replies":[{"embeddable":true,"href":"https:\/\/driveemotion.com\/fr\/wp-json\/wp\/v2\/comments?post=491"}],"version-history":[{"count":2,"href":"https:\/\/driveemotion.com\/fr\/wp-json\/wp\/v2\/pages\/491\/revisions"}],"predecessor-version":[{"id":753,"href":"https:\/\/driveemotion.com\/fr\/wp-json\/wp\/v2\/pages\/491\/revisions\/753"}],"wp:attachment":[{"href":"https:\/\/driveemotion.com\/fr\/wp-json\/wp\/v2\/media?parent=491"}],"curies":[{"name":"wp","href":"https:\/\/api.w.org\/{rel}","templated":true}]}}