{"id":386,"date":"2020-12-29T18:30:11","date_gmt":"2020-12-29T18:30:11","guid":{"rendered":"https:\/\/driveemotion.com\/?page_id=386"},"modified":"2020-12-29T18:30:12","modified_gmt":"2020-12-29T18:30:12","slug":"politique-de-confidentialite","status":"publish","type":"page","link":"https:\/\/driveemotion.com\/fr\/politique-de-confidentialite\/","title":{"rendered":"Politique de confidentialit\u00e9"},"content":{"rendered":"\n<p>Le propri\u00e9taire de ce site driveemotion.com, ci-apr\u00e8s \u00ab\u00a0LE SITE WEB\u00a0\u00bb, est DRIVE EMOTION FUERTEVENTURA S.L., dont l&rsquo;adresse est AVDA. NOTRE DAME DE CARMEN. 35660, LA OLIVA, LAS PALMAS et avec le code d&rsquo;identification fiscale B-76034453, ci-apr\u00e8s, \u00abLA SOCI\u00c9T\u00c9\u00bb, ainsi que le propri\u00e9taire et le responsable des fichiers avec les informations personnelles fournies volontairement par ses utilisateurs, ayant adopt\u00e9 toutes les Mesures de s\u00e9curit\u00e9 l\u00e9galement requises pour la protection des donn\u00e9es et la vie priv\u00e9e de ses utilisateurs.<\/p>\n\n<p>Le traitement des donn\u00e9es personnelles effectu\u00e9 via LE SITE WEB est conforme aux dispositions du r\u00e8glement 2016\/679, Protection g\u00e9n\u00e9rale des donn\u00e9es, de la loi organique sur la protection des donn\u00e9es et aux mesures de s\u00e9curit\u00e9 qui lui sont applicables. application selon l&rsquo;\u00e9volution r\u00e9glementaire.<\/p>\n\n<h4 class=\"wp-block-heading\">Droit d&rsquo;information<\/h4>\n\n<p>Si l&rsquo;utilisateur d\u00e9cide de demander des informations sur LE SITE WEB, les donn\u00e9es strictement n\u00e9cessaires seront demand\u00e9es pour atteindre la finalit\u00e9 pour laquelle LE SITE WEB est destin\u00e9, \u00e0 savoir l&rsquo;information et la promotion de nos services, tous disponibles sur LE SITE. En aucun cas, ils ne seront utilis\u00e9s \u00e0 des fins autres que celles pour lesquelles ils ont \u00e9t\u00e9 volontairement inscrits sur LE SITE.<\/p>\n\n<p>Les donn\u00e9es personnelles que l&rsquo;utilisateur nous fournit feront partie d&rsquo;un traitement de donn\u00e9es personnelles. Ces donn\u00e9es personnelles feront l&rsquo;objet d&rsquo;un traitement, \u00e0 condition que l&rsquo;utilisateur ait donn\u00e9 au pr\u00e9alable son consentement, qu&rsquo;il fournit en cochant les cases de consentement sur les diff\u00e9rents formulaires et peut r\u00e9voquer le consentement quand il le souhaite.<\/p>\n\n<p>Ceux qui fournissent volontairement leurs donn\u00e9es au propri\u00e9taire du Web par l&rsquo;un des moyens mis en place \u00e0 cette fin \u00e0 tout moment, consentent et acceptent de savoir de mani\u00e8re expresse, pr\u00e9cise et sans \u00e9quivoque:<\/p>\n\n<ul class=\"wp-block-list\"><li>Que l&rsquo;introduction dans le traitement des donn\u00e9es personnelles est destin\u00e9e \u00e0 la gestion de la demande, de la demande ou de la requ\u00eate, et au maintien des relations entre LE SITE et ses utilisateurs.<\/li><li>Que l&rsquo;utilisateur autorise express\u00e9ment l&rsquo;utilisation des donn\u00e9es fournies pour lui envoyer, par tout moyen de communication, y compris les communications \u00e9lectroniques, commerciales, la newsletter avec des informations d&rsquo;int\u00e9r\u00eat et les communications de rappel, \u00e0 condition qu&rsquo;il ait coch\u00e9 la case correspondante dans les diff\u00e9rents formulaires ou a exprim\u00e9, par tous moyens, sans \u00e9quivoque son autorisation.<\/li><li>Que vous autorisez LA SOCI\u00c9T\u00c9 \u00e0 utiliser vos donn\u00e9es aux fins exprim\u00e9es lors de la location de l&rsquo;un des produits ou services sp\u00e9cifiquement, et donnez \u00e9galement votre consentement pour l&rsquo;utilisation de cookies aux fins sp\u00e9cifiques et sp\u00e9cifiques signal\u00e9es \u00e0 tout moment dans cette politique de confidentialit\u00e9.<\/li><li>\u00c0 tout moment, vous pouvez r\u00e9voquer votre consentement en dirigeant une communication vers le Web, via les canaux \u00e9tablis \u00e0 cet effet.<\/li><\/ul>\n\n<p>Le service client est ouvert du lundi au vendredi de 9h00 \u00e0 17h00. Vous pouvez contacter DRIVE EMOTION FUERTEVENTURA S.L. en envoyant un e-mail \u00e0 l&rsquo;adresse driveemotion@driveemotion.com, ou par t\u00e9l\u00e9phone au num\u00e9ro de contact (+34) 928 53 53 33.<\/p>\n\n<p><\/p>\n","protected":false},"excerpt":{"rendered":"<p>Le propri\u00e9taire de ce site driveemotion.com, ci-apr\u00e8s \u00ab\u00a0LE SITE WEB\u00a0\u00bb, est DRIVE EMOTION FUERTEVENTURA S.L., dont l&rsquo;adresse est AVDA. NOTRE DAME DE CARMEN. 35660, LA OLIVA,<span class=\"excerpt-hellip\"> [\u2026]<\/span><\/p>\n","protected":false},"author":1,"featured_media":0,"parent":0,"menu_order":0,"comment_status":"closed","ping_status":"closed","template":"","meta":{"footnotes":""},"class_list":["post-386","page","type-page","status-publish","hentry"],"_links":{"self":[{"href":"https:\/\/driveemotion.com\/fr\/wp-json\/wp\/v2\/pages\/386","targetHints":{"allow":["GET"]}}],"collection":[{"href":"https:\/\/driveemotion.com\/fr\/wp-json\/wp\/v2\/pages"}],"about":[{"href":"https:\/\/driveemotion.com\/fr\/wp-json\/wp\/v2\/types\/page"}],"author":[{"embeddable":true,"href":"https:\/\/driveemotion.com\/fr\/wp-json\/wp\/v2\/users\/1"}],"replies":[{"embeddable":true,"href":"https:\/\/driveemotion.com\/fr\/wp-json\/wp\/v2\/comments?post=386"}],"version-history":[{"count":3,"href":"https:\/\/driveemotion.com\/fr\/wp-json\/wp\/v2\/pages\/386\/revisions"}],"predecessor-version":[{"id":761,"href":"https:\/\/driveemotion.com\/fr\/wp-json\/wp\/v2\/pages\/386\/revisions\/761"}],"wp:attachment":[{"href":"https:\/\/driveemotion.com\/fr\/wp-json\/wp\/v2\/media?parent=386"}],"curies":[{"name":"wp","href":"https:\/\/api.w.org\/{rel}","templated":true}]}}