{"id":556,"date":"2020-11-19T17:25:07","date_gmt":"2020-11-19T17:25:07","guid":{"rendered":"https:\/\/driveemotion.com\/datenschutz-bestimmungen\/"},"modified":"2020-12-29T18:30:51","modified_gmt":"2020-12-29T18:30:51","slug":"datenschutz-bestimmungen","status":"publish","type":"page","link":"https:\/\/driveemotion.com\/de\/datenschutz-bestimmungen\/","title":{"rendered":"Datenschutz-Bestimmungen"},"content":{"rendered":"\n<p>Der Eigent\u00fcmer dieser Website driveemotion.com, im Folgenden &#8222;DIE WEBSITE&#8220;, ist DRIVE EMOTION FUERTEVENTURA S.L. mit der Adresse AVDA. UNSERE DAME VON CARMEN. 35660, LA OLIVA, LAS PALMAS und mit der Steueridentifikationsnummer B-76034453, im Folgenden &#8222;DAS UNTERNEHMEN&#8220;, sowie der Eigent\u00fcmer und Verwalter der Dateien mit den pers\u00f6nlichen Informationen, die von seinen Benutzern freiwillig zur Verf\u00fcgung gestellt wurden, nachdem sie alle \u00fcbernommen haben Sicherheitsma\u00dfnahmen, die gesetzlich zum Schutz der Daten und der Privatsph\u00e4re der Benutzer erforderlich sind.<\/p>\n\n<p>Die Verarbeitung personenbezogener Daten, die \u00fcber DIE WEBSITE durchgef\u00fchrt wird, entspricht den Bestimmungen der Verordnung 2016\/679, Allgemeiner Datenschutz, des Organischen Datenschutzgesetzes und den f\u00fcr sie geltenden Sicherheitsma\u00dfnahmen. Anwendung gem\u00e4\u00df regulatorischer Entwicklung.<\/p>\n\n<h4 class=\"wp-block-heading\">Auskunftsrecht<\/h4>\n\n<p>Wenn der Benutzer beschlie\u00dft, Informationen auf DER WEBSITE anzufordern, werden die unbedingt erforderlichen Daten angefordert, um den Zweck zu erreichen, f\u00fcr den DIE WEBSITE bestimmt ist. Dies sind die Informationen und die Werbung f\u00fcr unsere Dienste, die alle auf der WEBSITE verf\u00fcgbar sind. In keinem Fall werden sie f\u00fcr andere Zwecke als die verwendet, f\u00fcr die sie freiwillig auf DER WEBSITE eingetragen wurden.<\/p>\n\n<p>Die personenbezogenen Daten, die der Nutzer uns zur Verf\u00fcgung stellt, werden Teil einer personenbezogenen Datenverarbeitung. Diese personenbezogenen Daten werden behandelt, sofern der Benutzer zuvor seine Einwilligung erteilt hat, die er durch Aktivieren der Einwilligungsfelder auf den verschiedenen Formularen erteilt und die Einwilligung jederzeit widerrufen kann.<\/p>\n\n<p>Diejenigen, die dem Eigent\u00fcmer des Webs ihre Daten freiwillig und jederzeit mit einem der daf\u00fcr eingerichteten Mittel zur Verf\u00fcgung stellen, stimmen zu und akzeptieren, dies ausdr\u00fccklich, pr\u00e4zise und eindeutig zu wissen:<\/p>\n\n<ul class=\"wp-block-list\"><li>Die Einf\u00fchrung in die Verarbeitung personenbezogener Daten soll die Anfrage, Anfrage oder Anfrage und die Aufrechterhaltung der Beziehungen zwischen DER WEBSITE und ihren Benutzern verwalten.<\/li><li>Der Benutzer gestattet ausdr\u00fccklich die Verwendung der zur Verf\u00fcgung gestellten Daten, um ihn durch Kommunikationsmittel, einschlie\u00dflich elektronischer, kommerzieller Kommunikation, Newsletter mit Informationen von Interesse und Erinnerungskommunikation, zu senden, sofern er das entsprechende K\u00e4stchen in den verschiedenen Formen oder markiert hat hat auf jeden Fall seine Erm\u00e4chtigung eindeutig zum Ausdruck gebracht.<\/li><li>Sie erm\u00e4chtigen DAS UNTERNEHMEN, Ihre Daten f\u00fcr die Zwecke zu verwenden, die bei Vertragsabschl\u00fcssen f\u00fcr bestimmte Produkte oder Dienstleistungen zum Ausdruck kommen, und geben auch Ihre Zustimmung zur Verwendung von Cookies f\u00fcr die spezifischen und spezifischen Zwecke, \u00fcber die jederzeit in berichtet wird diese Datenschutzerkl\u00e4rung.<\/li><li>Sie k\u00f6nnen Ihre Einwilligung jederzeit widerrufen, indem Sie eine Kommunikation \u00fcber die zu diesem Zweck eingerichteten Kan\u00e4le ins Internet leiten.<\/li><\/ul>\n\n<p>Die Kundendienstzeiten sind Montag bis Freitag von 09:00 bis 17:00 Uhr. Sie k\u00f6nnen DRIVE EMOTION FUERTEVENTURA S.L. durch Senden einer E-Mail an die Adresse driveemotion@driveemotion.com oder telefonisch unter der Kontaktnummer (+34) 928 53 53 33.<\/p>\n\n<p><\/p>\n","protected":false},"excerpt":{"rendered":"<p>Der Eigent\u00fcmer dieser Website driveemotion.com, im Folgenden &#8222;DIE WEBSITE&#8220;, ist DRIVE EMOTION FUERTEVENTURA S.L. mit der Adresse AVDA. UNSERE DAME VON CARMEN. 35660, LA OLIVA, LAS<span class=\"excerpt-hellip\"> [\u2026]<\/span><\/p>\n","protected":false},"author":1,"featured_media":0,"parent":0,"menu_order":0,"comment_status":"closed","ping_status":"closed","template":"","meta":{"footnotes":""},"class_list":["post-556","page","type-page","status-publish","hentry"],"_links":{"self":[{"href":"https:\/\/driveemotion.com\/de\/wp-json\/wp\/v2\/pages\/556","targetHints":{"allow":["GET"]}}],"collection":[{"href":"https:\/\/driveemotion.com\/de\/wp-json\/wp\/v2\/pages"}],"about":[{"href":"https:\/\/driveemotion.com\/de\/wp-json\/wp\/v2\/types\/page"}],"author":[{"embeddable":true,"href":"https:\/\/driveemotion.com\/de\/wp-json\/wp\/v2\/users\/1"}],"replies":[{"embeddable":true,"href":"https:\/\/driveemotion.com\/de\/wp-json\/wp\/v2\/comments?post=556"}],"version-history":[{"count":2,"href":"https:\/\/driveemotion.com\/de\/wp-json\/wp\/v2\/pages\/556\/revisions"}],"predecessor-version":[{"id":762,"href":"https:\/\/driveemotion.com\/de\/wp-json\/wp\/v2\/pages\/556\/revisions\/762"}],"wp:attachment":[{"href":"https:\/\/driveemotion.com\/de\/wp-json\/wp\/v2\/media?parent=556"}],"curies":[{"name":"wp","href":"https:\/\/api.w.org\/{rel}","templated":true}]}}