{"id":493,"date":"2020-11-19T15:59:28","date_gmt":"2020-11-19T15:59:28","guid":{"rendered":"https:\/\/driveemotion.com\/nutzungsbedingungen\/"},"modified":"2020-12-29T18:24:31","modified_gmt":"2020-12-29T18:24:31","slug":"nutzungsbedingungen","status":"publish","type":"page","link":"https:\/\/driveemotion.com\/de\/nutzungsbedingungen\/","title":{"rendered":"Nutzungsbedingungen"},"content":{"rendered":"\n<p>Diese allgemeinen Nutzungsbedingungen der Website regeln die Bedingungen f\u00fcr den Zugriff und die Nutzung der Website driveemotion.com, im Folgenden &#8222;DIE WEBSITE&#8220;, im Besitz von DRIVE EMOTION FUERTEVENTURA S.L., mit Adresse bei AVDA. UNSERE DAME VON CARMEN. 35660, LA OLIVA, LAS PALMAS und mit der Steueridentifikationsnummer B-76034453, im Folgenden &#8222;DAS UNTERNEHMEN&#8220;, die der Benutzer der WEBSITE lesen und akzeptieren muss, um alle von THE bereitgestellten Dienste und Informationen nutzen zu k\u00f6nnen WEBSEITE. Der blo\u00dfe Zugriff und \/ oder die Nutzung der WEBSITE, aller oder eines Teils ihrer Inhalte und \/ oder Dienste bedeutet die vollst\u00e4ndige Akzeptanz dieser allgemeinen Nutzungsbedingungen.<\/p>\n\n<p>Diese allgemeinen Nutzungsbedingungen der WEBSITE regeln den Zugriff und die Nutzung der WEBSITE, einschlie\u00dflich der Inhalte und Dienste, die den Benutzern auf und \/ oder \u00fcber die Website entweder \u00fcber die Website oder \u00fcber die Website zur Verf\u00fcgung gestellt werden von seinen Nutzern oder von Dritten. Der Zugang zu und die Nutzung bestimmter Inhalte und \/ oder Dienste k\u00f6nnen jedoch bestimmten Bedingungen unterliegen.<\/p>\n\n<h4 class=\"wp-block-heading\">\u00c4nderungen<\/h4>\n\n<p>Das Unternehmen beh\u00e4lt sich das Recht vor, die allgemeinen Nutzungsbedingungen der Website jederzeit zu \u00e4ndern. In jedem Fall wird empfohlen, diese Nutzungsbedingungen der WEBSITE regelm\u00e4\u00dfig zu konsultieren, da sie m\u00f6glicherweise ge\u00e4ndert werden.<\/p>\n\n<h4 class=\"wp-block-heading\">Pflichten des Nutzers<\/h4>\n\n<p>Der Benutzer muss jederzeit die in diesen allgemeinen Nutzungsbedingungen der WEBSITE festgelegten Bedingungen einhalten. Der Benutzer erkl\u00e4rt ausdr\u00fccklich, dass er DIE WEBSITE gewissenhaft nutzen und jegliche Verantwortung \u00fcbernehmen wird, die sich aus einem Versto\u00df gegen die Regeln ergeben kann.<\/p>\n\n<p>Ebenso darf der Benutzer DIE WEBSITE nicht zum \u00dcbertragen, Speichern, Verbreiten, Bewerben oder Verteilen von Daten oder Inhalten verwenden, die Viren oder anderen Computercode, Dateien oder Programme enthalten, die den Betrieb eines Programms unterbrechen, zerst\u00f6ren oder beeintr\u00e4chtigen sollen. Computer- oder Telekommunikationsger\u00e4te.<\/p>\n\n<h4 class=\"wp-block-heading\">Verantwortung des Unternehmens<\/h4>\n\n<p>Mit Ausnahme der F\u00e4lle, in denen das Gesetz ausdr\u00fccklich etwas anderes vorschreibt, und ausschlie\u00dflich in dem Umfang und dem Umfang, in dem es auferlegt wird, \u00fcbernimmt DAS UNTERNEHMEN keine Garantie oder Verantwortung f\u00fcr m\u00f6gliche Sch\u00e4den, die durch die Verwendung und Verwendung von Informationen, Daten und Daten verursacht werden Dienstleistungen der Website.<\/p>\n\n<p>In jedem Fall schlie\u00dft DAS UNTERNEHMEN jegliche Haftung f\u00fcr Sch\u00e4den aus, die auf Informationen und \/ oder Dienstleistungen zur\u00fcckzuf\u00fchren sind, die von anderen Dritten als dem UNTERNEHMEN bereitgestellt oder geliefert werden. Alle Verantwortung liegt beim Dritten, ob Lieferant oder Mitarbeiter.<\/p>\n\n<p>Das Unternehmen ist von jeglicher Verantwortung f\u00fcr die Informationen befreit, die au\u00dferhalb der Website zu finden sind, da die Funktion der angezeigten Links nur darin besteht, den Benutzer \u00fcber das Vorhandensein anderer Informationsquellen zu einem bestimmten Thema oder zu informieren Werbung.<\/p>\n\n<p>Der Benutzer wei\u00df und akzeptiert, dass THE WEBSITE keine ausdr\u00fcckliche oder implizite Garantie jeglicher Art f\u00fcr die Daten, Inhalte, Informationen und Dienste gew\u00e4hrt, die von THE WEBSITE aufgenommen und angeboten werden.<\/p>\n\n<h4 class=\"wp-block-heading\">Geistiges und gewerbliches Eigentum<\/h4>\n\n<p>Alle Inhalte, Marken, Logos, Zeichnungen, Dokumentationen, Computerprogramme oder sonstigen Elemente, die durch die Gesetzgebung zu geistigem oder gewerblichem Eigentum gesch\u00fctzt werden k\u00f6nnen und auf DER WEBSITE zug\u00e4nglich sind, entsprechen ausschlie\u00dflich dem Unternehmen oder seinen rechtm\u00e4\u00dfigen Eigent\u00fcmern und sind ausdr\u00fccklich vorbehalten alle Rechte \u00fcber sie. Das Erstellen von Hypertext-Links (Links) zu Komponenten der Webseiten der WEBSITE ist ohne Genehmigung des Unternehmens ausdr\u00fccklich untersagt, sofern diese nicht zu einer Webseite der WEBSITE f\u00fchren, f\u00fcr die keine Identifizierung oder Authentifizierung erforderlich ist Ihr Zugriff, oder es ist eingeschr\u00e4nkt.<\/p>\n\n<p>In jedem Fall beh\u00e4lt sich THE WEBSITE alle Rechte an den Inhalten, Informationen, Daten und Diensten vor, die sie auf ihnen h\u00e4lt. Die Website gew\u00e4hrt dem Benutzer keine Lizenz oder Genehmigung zur Nutzung seiner Inhalte, Daten oder Dienste, die nicht ausdr\u00fccklich in diesen allgemeinen Nutzungsbedingungen der Website aufgef\u00fchrt sind.<\/p>\n\n<h4 class=\"wp-block-heading\">Anwendbares Recht, zust\u00e4ndige Gerichtsbarkeit und Benachrichtigungen<\/h4>\n\n<p>Diese Bedingungen werden in \u00dcbereinstimmung mit den Gesetzen Spaniens geregelt und ausgelegt. F\u00fcr alle Anspr\u00fcche sind die Gerichte von Las Palmas, Spanien, mit der Steueridentifikationsnummer B76346287 zust\u00e4ndig. Alle Benachrichtigungen, Anforderungen, Anfragen und sonstigen Mitteilungen, die der Benutzer an DAS UNTERNEHMEN richten m\u00f6chte, dem die WEBSITE geh\u00f6rt, m\u00fcssen schriftlich erfolgen. Es wird davon ausgegangen, dass sie korrekt ausgef\u00fchrt wurden, wenn sie unter der folgenden E-Mail-Adresse eingegangen sind: driveemotion@driveemotion.com.<\/p>\n","protected":false},"excerpt":{"rendered":"<p>Diese allgemeinen Nutzungsbedingungen der Website regeln die Bedingungen f\u00fcr den Zugriff und die Nutzung der Website driveemotion.com, im Folgenden &#8222;DIE WEBSITE&#8220;, im Besitz von DRIVE EMOTION<span class=\"excerpt-hellip\"> [\u2026]<\/span><\/p>\n","protected":false},"author":1,"featured_media":0,"parent":0,"menu_order":0,"comment_status":"closed","ping_status":"closed","template":"","meta":{"footnotes":""},"_links":{"self":[{"href":"https:\/\/driveemotion.com\/de\/wp-json\/wp\/v2\/pages\/493"}],"collection":[{"href":"https:\/\/driveemotion.com\/de\/wp-json\/wp\/v2\/pages"}],"about":[{"href":"https:\/\/driveemotion.com\/de\/wp-json\/wp\/v2\/types\/page"}],"author":[{"embeddable":true,"href":"https:\/\/driveemotion.com\/de\/wp-json\/wp\/v2\/users\/1"}],"replies":[{"embeddable":true,"href":"https:\/\/driveemotion.com\/de\/wp-json\/wp\/v2\/comments?post=493"}],"version-history":[{"count":2,"href":"https:\/\/driveemotion.com\/de\/wp-json\/wp\/v2\/pages\/493\/revisions"}],"predecessor-version":[{"id":754,"href":"https:\/\/driveemotion.com\/de\/wp-json\/wp\/v2\/pages\/493\/revisions\/754"}],"wp:attachment":[{"href":"https:\/\/driveemotion.com\/de\/wp-json\/wp\/v2\/media?parent=493"}],"curies":[{"name":"wp","href":"https:\/\/api.w.org\/{rel}","templated":true}]}}