{"id":478,"date":"2020-11-19T15:25:20","date_gmt":"2020-11-19T15:25:20","guid":{"rendered":"https:\/\/driveemotion.com\/buchungsbedingungen\/"},"modified":"2020-12-29T18:21:56","modified_gmt":"2020-12-29T18:21:56","slug":"buchungsbedingungen","status":"publish","type":"page","link":"https:\/\/driveemotion.com\/de\/buchungsbedingungen\/","title":{"rendered":"Buchungsbedingungen"},"content":{"rendered":"\n<p><p><strong>1.<\/strong> Das gemietete Fahrzeug, Zubeh\u00f6r und die zus\u00e4tzliche Ausr\u00fcstung werden vom Mieter unter perfekten technischen Bedingungen f\u00fcr die Pr\u00e4sentation und Verwendung zur\u00fcckgegeben und m\u00fcssen vom Mieter am Ende dieses Vertrags unter den gleichen perfekten Bedingungen zur\u00fcckgegeben werden, unter denen es empfangen wurde.<\/p><\/p>\n\n<p><p><strong>2.<\/strong> Unabh\u00e4ngig davon, wann das Fahrzeug gemietet wird, endet die Anmietung f\u00fcr ganze Tage zu dem Zeitpunkt, der im entsprechenden Feld auf der Vorderseite dieses Vertrags unter der \u00dcberschrift -Erwartete R\u00fcckgabe- angegeben ist.<\/p><\/p>\n\n<p><p><strong>3.<\/strong> Der Mieter muss mindestens vierundzwanzig Stunden im Voraus Bescheid geben, wenn er die vorzeitige K\u00fcndigung oder Verl\u00e4ngerung dieses Vertrags beantragt. Andernfalls ist der Vermieter berechtigt, den vollen Vertragspreis und die Lieferverz\u00f6gerung zuz\u00fcglich a einzuziehen weitere f\u00fcnfzig Prozent \u00fcber dem in den Tarifen angegebenen Standardpreis.<\/p>&#13;\n<p><br\/>Beachten Sie in Bezug auf die Bestimmungen des vorherigen Absatzes, dass die vom Mieter abgeschlossene und im Tarif enthaltene Versicherung an dem in diesem Vertrag angegebenen Tag abl\u00e4uft, sofern sie nicht einvernehmlich und schriftlich verl\u00e4ngert wird.<\/p><\/p>\n\n<p><p><strong>4.<\/strong> Neben der ordnungsgem\u00e4\u00dfen Nutzung des Fahrzeugs hat der Mieter auf Kosten des Vermieters das Recht auf Wartung des Fahrzeugs und auf dessen Ersatz im Falle eines ihm nicht zurechenbaren mechanischen Defekts, dessen Reparatur mehr als zwei Stunden dauert. Sie haben auch das Recht auf Lieferung und Abholung ohne zus\u00e4tzliche Kosten in Entfernungen von h\u00f6chstens f\u00fcnfzig Kilometern von dem B\u00fcro, in dem der Vertrag unterzeichnet wurde.<\/p><\/p>\n\n<p><p><strong>5.<\/strong> Folgendes ist ausdr\u00fccklich untersagt:<br\/>&#8211; Das F\u00fchren des Fahrzeugs durch eine andere Person als den Mieter oder durch den Vermieter auf dessen Verlangen und in seiner alleinigen Verantwortung.<br\/>&#8211; Untervermietung oder Bef\u00f6rderung von Passagieren gegen Bezahlung.<br\/>&#8211; Es bef\u00f6rdert mehr Passagiere als autorisiert.<br\/>&#8211; \u00dcberladung des Fahrzeugs oder Transport von Tieren oder Kraftstoff, explosiven Stoffen, starkem Geruch oder gef\u00e4hrlich.<br\/>&#8211; Verwendung des Fahrzeugs bei Rennen, Sportwettk\u00e4mpfen oder Geschwindigkeitstests oder zum Schieben oder Ziehen anderer Fahrzeuge oder Anh\u00e4nger.<br\/>&#8211; Der Mieter darf das Fahrzeug nicht auf einer Zufahrtsstra\u00dfe benutzen, die nicht ordnungsgem\u00e4\u00df asphaltiert ist und von der Stadt- oder \u00f6ffentlichen Baubeh\u00f6rde als \u00f6ffentliche Stra\u00dfe angesehen wird. Der Mieter ist f\u00fcr Sch\u00e4den verantwortlich, die aufgrund des Zustands des Fahrzeugs am Fahrzeug entstehen k\u00f6nnen lokale Stra\u00dfen oder Wege, auf denen das Fahrzeug benutzt wurde.<br\/>&#8211; Unachtsames oder gef\u00e4hrliches Fahren oder unter dem Einfluss von Substanzen oder Krankheiten, die den physischen oder psychischen Zustand des Fahrers sch\u00e4digen oder seine Reflexe beeintr\u00e4chtigen k\u00f6nnen. &#8211; Nutzung des Fahrzeugs au\u00dferhalb der Insel oder Halbinsel, auf der es gemietet wurde, ohne ausdr\u00fcckliche schriftliche Zustimmung des Vermieters.<br\/>&#8211; Lassen Sie Gegenst\u00e4nde im Fahrzeug sichtbar, w\u00e4hrend sie an einem \u00f6ffentlichen Ort geparkt sind. Dies kann zu erzwungenem Betreten, Bruch oder Diebstahl f\u00fchren.<\/p><\/p>\n\n<p><p><strong>6.<\/strong> Der Tarif beinhaltet eine obligatorische Versicherung, eine unbeschr\u00e4nkte zivilrechtliche Haftung f\u00fcr Sch\u00e4den an Dritten sowie Feuer und Diebstahl des Fahrzeugs aus Gr\u00fcnden, die dem Mieter nicht zuzurechnen sind.<\/p><\/p>\n\n<p><p><strong>7.<\/strong> Jegliche Verluste oder Sch\u00e4den, die an dem gemieteten Fahrzeug verursacht oder verursacht werden k\u00f6nnten, die nicht durch die im Preis enthaltene Versicherung abgedeckt sind und die nicht einer eindeutig identifizierten Person zugeordnet werden k\u00f6nnen, werden ausschlie\u00dflich vom Mieter getragen.<\/p><\/p>\n\n<p><strong>8.<\/strong> Um die gesamte oder einen Teil der Verantwortung des oben genannten Mieters und Personensch\u00e4den an den Insassen des Fahrzeugs abzudecken, kann der Mieter unter den zuvor angebotenen Bedingungen verschiedene Arten von Versicherungen abschlie\u00dfen, deren Annahme in dem entsprechenden Feld auf der Vorderseite angegeben wird Vertrag.<\/p>\n\n<p>Diese optionale Versicherung deckt alle Sch\u00e4den oder Verletzungen ab, deren Deckung sie garantiert, vorausgesetzt, der Mieter benachrichtigt die Polizei, damit der erforderliche Bericht ausgestellt werden kann, unabh\u00e4ngig davon, ob Dritte eingreifen oder nicht, es sei denn, der Mieter hat versagt. die in Ziffer 5 dieses Vertrages genannten Verpflichtungen zu erf\u00fcllen.<\/p>\n\n<p><p><strong>9.<\/strong> Die wirtschaftlichen Verbindlichkeiten im Namen des Leasingnehmers, die sich aus diesem Vertrag ergeben, werden unabh\u00e4ngig von ihrem Grund ab dem Datum, an dem der Leasinggeber das Recht hat, sie zu verlangen, und nicht ab dem Tag, an dem sie tats\u00e4chlich zu verlangen sind, mit 20 Prozent pro Jahr verzinst kann erforderlich sein.<\/p><\/p>\n\n<p><p><strong>10.<\/strong> Im Falle von Kontroversen, die sich aus der Auslegung dieses Vertrags oder dem Versto\u00df gegen eine seiner Klauseln ergeben, verzichten die Heteroparteien auf die ihnen m\u00f6glicherweise entsprechende Zust\u00e4ndigkeit und unterwerfen sich ausdr\u00fccklich den Gerichten des Ortes. wo die Vereinbarung unterzeichnet wurde.<\/p><\/p>\n","protected":false},"excerpt":{"rendered":"<p>1. Das gemietete Fahrzeug, Zubeh\u00f6r und die zus\u00e4tzliche Ausr\u00fcstung werden vom Mieter unter perfekten technischen Bedingungen f\u00fcr die Pr\u00e4sentation und Verwendung zur\u00fcckgegeben und m\u00fcssen vom Mieter<span class=\"excerpt-hellip\"> [\u2026]<\/span><\/p>\n","protected":false},"author":1,"featured_media":0,"parent":0,"menu_order":0,"comment_status":"closed","ping_status":"closed","template":"","meta":{"footnotes":""},"_links":{"self":[{"href":"https:\/\/driveemotion.com\/de\/wp-json\/wp\/v2\/pages\/478"}],"collection":[{"href":"https:\/\/driveemotion.com\/de\/wp-json\/wp\/v2\/pages"}],"about":[{"href":"https:\/\/driveemotion.com\/de\/wp-json\/wp\/v2\/types\/page"}],"author":[{"embeddable":true,"href":"https:\/\/driveemotion.com\/de\/wp-json\/wp\/v2\/users\/1"}],"replies":[{"embeddable":true,"href":"https:\/\/driveemotion.com\/de\/wp-json\/wp\/v2\/comments?post=478"}],"version-history":[{"count":2,"href":"https:\/\/driveemotion.com\/de\/wp-json\/wp\/v2\/pages\/478\/revisions"}],"predecessor-version":[{"id":750,"href":"https:\/\/driveemotion.com\/de\/wp-json\/wp\/v2\/pages\/478\/revisions\/750"}],"wp:attachment":[{"href":"https:\/\/driveemotion.com\/de\/wp-json\/wp\/v2\/media?parent=478"}],"curies":[{"name":"wp","href":"https:\/\/api.w.org\/{rel}","templated":true}]}}